{"id":389,"date":"2024-11-28T09:24:52","date_gmt":"2024-11-28T08:24:52","guid":{"rendered":"https:\/\/www.aecuspartners.com\/accueil\/"},"modified":"2026-03-10T18:17:40","modified_gmt":"2026-03-10T17:17:40","slug":"accueil","status":"publish","type":"page","link":"https:\/\/www.aecuspartners.com\/fr\/","title":{"rendered":"Accueil"},"content":{"rendered":"<h2>Aecus Partners<br \/>\nest une boutique de gestion<br \/>\nde convictions sur les actions europ\u00e9ennes et internationales.<\/h2>\n<p>Fond\u00e9e en 2024 par une \u00e9quipe exp\u00e9riment\u00e9e de quatre anciens coll\u00e8gues, bas\u00e9e \u00e0 Paris.<br \/>\nNous croyons en un ensemble de valeurs fondamentales \u2013 le mot Aecus signifie patience, int\u00e9grit\u00e9, \u00e9quit\u00e9. Notre objectif est de fournir des rendements attractifs \u00e0 long terme \u00e0 nos investisseurs, de mani\u00e8re simple et transparente. Aecus propose aux investisseurs des fonds d&rsquo;investissement collectifs (OPCVM irlandais : Aecus UCITS ICAV) et des mandats de gestion de portefeuilles d\u00e9di\u00e9s.<\/p>\n<p>Notre \u00e9quipe est d\u00e9di\u00e9e \u00e0 la gestion \u00e0 long terme de portefeuilles investis dans des entreprises exceptionnelles et capables de cro\u00eetre pendant des d\u00e9cennies. Nous privil\u00e9gions la persistance de la croissance plut\u00f4t que la vitesse en nous concentrant sur des franchises durables, dirig\u00e9es par des \u00e9quipes qui entretiennent des relations saines avec les parties prenantes. En ad\u00e9quation avec notre approche artisanale de l&rsquo;investissement, nous pensons que la taille compte. Notre objectif est de rester<br \/>\nune boutique. Cela signifie garder des \u00e9quipes de petite taille, limiter notre volume d\u2019actifs et \u00e9viter la complexit\u00e9 op\u00e9rationnelle \u00e0 mesure que notre organisation se d\u00e9veloppe.<\/p>\n<p>Cette approche permet de recentrer les discussions des \u00e9quipes d\u2019investissement sur l\u2019essentiel,<br \/>\nce qui, \u00e0 terme, favorise une performance accrue au b\u00e9n\u00e9fice de nos investisseurs.<\/p>\n<p>Des valeurs solides. Dans l\u2019investissement et dans notre ADN.<\/p>\n","protected":false},"excerpt":{"rendered":"<p>Aecus Partners est une boutique de gestion de convictions sur les actions europ\u00e9ennes et internationales. Fond\u00e9e en 2024 par une \u00e9quipe exp\u00e9riment\u00e9e de quatre anciens coll\u00e8gues, bas\u00e9e \u00e0 Paris. Nous croyons en un ensemble de valeurs fondamentales \u2013 le mot Aecus signifie patience, int\u00e9grit\u00e9, \u00e9quit\u00e9. Notre objectif est de fournir des rendements attractifs \u00e0 long &hellip; <\/p>\n<p class=\"link-more\"><a href=\"https:\/\/www.aecuspartners.com\/fr\/\" class=\"more-link\">Continue reading<span class=\"screen-reader-text\"> \u00ab\u00a0Accueil\u00a0\u00bb<\/span><\/a><\/p>\n","protected":false},"author":1,"featured_media":0,"parent":0,"menu_order":1,"comment_status":"closed","ping_status":"closed","template":"","meta":{"_acf_changed":false,"_monsterinsights_skip_tracking":false,"_monsterinsights_sitenote_active":false,"_monsterinsights_sitenote_note":"","_monsterinsights_sitenote_category":0,"footnotes":""},"class_list":["post-389","page","type-page","status-publish","hentry"],"acf":[],"yoast_head":"<!-- This site is optimized with the Yoast SEO plugin v23.9 - https:\/\/yoast.com\/wordpress\/plugins\/seo\/ -->\n<title>Aecus Partners<\/title>\n<meta name=\"description\" content=\"An investment boutique managing European and Global portfolios.\" \/>\n<meta name=\"robots\" content=\"index, follow, max-snippet:-1, max-image-preview:large, max-video-preview:-1\" \/>\n<link rel=\"canonical\" href=\"https:\/\/www.aecuspartners.com\/fr\/\" \/>\n<meta property=\"og:locale\" content=\"fr_FR\" \/>\n<meta property=\"og:type\" content=\"article\" \/>\n<meta property=\"og:title\" content=\"Aecus Partners\" \/>\n<meta property=\"og:description\" content=\"An investment boutique managing European and Global portfolios.\" \/>\n<meta property=\"og:url\" content=\"https:\/\/www.aecuspartners.com\/fr\/\" \/>\n<meta property=\"og:site_name\" content=\"Aecus Partners\" \/>\n<meta property=\"article:modified_time\" content=\"2026-03-10T17:17:40+00:00\" \/>\n<meta property=\"og:image\" content=\"https:\/\/www.aecuspartners.com\/wp-content\/uploads\/2024\/12\/default.jpg\" \/>\n\t<meta property=\"og:image:width\" content=\"1500\" \/>\n\t<meta property=\"og:image:height\" content=\"788\" \/>\n\t<meta property=\"og:image:type\" content=\"image\/jpeg\" \/>\n<meta name=\"twitter:card\" content=\"summary_large_image\" \/>\n<meta name=\"twitter:label1\" content=\"Dur\u00e9e de lecture estim\u00e9e\" \/>\n\t<meta name=\"twitter:data1\" content=\"3 minutes\" \/>\n<script type=\"application\/ld+json\" class=\"yoast-schema-graph\">{\"@context\":\"https:\/\/schema.org\",\"@graph\":[{\"@type\":\"WebPage\",\"@id\":\"https:\/\/www.aecuspartners.com\/fr\/\",\"url\":\"https:\/\/www.aecuspartners.com\/fr\/\",\"name\":\"Aecus Partners\",\"isPartOf\":{\"@id\":\"https:\/\/www.aecuspartners.com\/fr\/dev\/#website\"},\"datePublished\":\"2024-11-28T08:24:52+00:00\",\"dateModified\":\"2026-03-10T17:17:40+00:00\",\"description\":\"An investment boutique managing European and Global portfolios.\",\"breadcrumb\":{\"@id\":\"https:\/\/www.aecuspartners.com\/fr\/#breadcrumb\"},\"inLanguage\":\"fr-FR\",\"potentialAction\":[{\"@type\":\"ReadAction\",\"target\":[\"https:\/\/www.aecuspartners.com\/fr\/\"]}]},{\"@type\":\"BreadcrumbList\",\"@id\":\"https:\/\/www.aecuspartners.com\/fr\/#breadcrumb\",\"itemListElement\":[{\"@type\":\"ListItem\",\"position\":1,\"name\":\"Accueil\",\"item\":\"https:\/\/www.aecuspartners.com\/fr\/\"},{\"@type\":\"ListItem\",\"position\":2,\"name\":\"Accueil\"}]},{\"@type\":\"WebSite\",\"@id\":\"https:\/\/www.aecuspartners.com\/fr\/dev\/#website\",\"url\":\"https:\/\/www.aecuspartners.com\/fr\/dev\/\",\"name\":\"Aecus Partners\",\"description\":\"Une nouvelle vision de l\u2019investissement fond\u00e9e sur l\u2019\u00e9quit\u00e9 et la r\u00e9silience\",\"potentialAction\":[{\"@type\":\"SearchAction\",\"target\":{\"@type\":\"EntryPoint\",\"urlTemplate\":\"https:\/\/www.aecuspartners.com\/fr\/dev\/?s={search_term_string}\"},\"query-input\":{\"@type\":\"PropertyValueSpecification\",\"valueRequired\":true,\"valueName\":\"search_term_string\"}}],\"inLanguage\":\"fr-FR\"}]}<\/script>\n<!-- \/ Yoast SEO plugin. -->","yoast_head_json":{"title":"Aecus Partners","description":"An investment boutique managing European and Global portfolios.","robots":{"index":"index","follow":"follow","max-snippet":"max-snippet:-1","max-image-preview":"max-image-preview:large","max-video-preview":"max-video-preview:-1"},"canonical":"https:\/\/www.aecuspartners.com\/fr\/","og_locale":"fr_FR","og_type":"article","og_title":"Aecus Partners","og_description":"An investment boutique managing European and Global portfolios.","og_url":"https:\/\/www.aecuspartners.com\/fr\/","og_site_name":"Aecus Partners","article_modified_time":"2026-03-10T17:17:40+00:00","og_image":[{"width":1500,"height":788,"url":"https:\/\/www.aecuspartners.com\/wp-content\/uploads\/2024\/12\/default.jpg","type":"image\/jpeg"}],"twitter_card":"summary_large_image","twitter_misc":{"Dur\u00e9e de lecture estim\u00e9e":"3 minutes"},"schema":{"@context":"https:\/\/schema.org","@graph":[{"@type":"WebPage","@id":"https:\/\/www.aecuspartners.com\/fr\/","url":"https:\/\/www.aecuspartners.com\/fr\/","name":"Aecus Partners","isPartOf":{"@id":"https:\/\/www.aecuspartners.com\/fr\/dev\/#website"},"datePublished":"2024-11-28T08:24:52+00:00","dateModified":"2026-03-10T17:17:40+00:00","description":"An investment boutique managing European and Global portfolios.","breadcrumb":{"@id":"https:\/\/www.aecuspartners.com\/fr\/#breadcrumb"},"inLanguage":"fr-FR","potentialAction":[{"@type":"ReadAction","target":["https:\/\/www.aecuspartners.com\/fr\/"]}]},{"@type":"BreadcrumbList","@id":"https:\/\/www.aecuspartners.com\/fr\/#breadcrumb","itemListElement":[{"@type":"ListItem","position":1,"name":"Accueil","item":"https:\/\/www.aecuspartners.com\/fr\/"},{"@type":"ListItem","position":2,"name":"Accueil"}]},{"@type":"WebSite","@id":"https:\/\/www.aecuspartners.com\/fr\/dev\/#website","url":"https:\/\/www.aecuspartners.com\/fr\/dev\/","name":"Aecus Partners","description":"Une nouvelle vision de l\u2019investissement fond\u00e9e sur l\u2019\u00e9quit\u00e9 et la r\u00e9silience","potentialAction":[{"@type":"SearchAction","target":{"@type":"EntryPoint","urlTemplate":"https:\/\/www.aecuspartners.com\/fr\/dev\/?s={search_term_string}"},"query-input":{"@type":"PropertyValueSpecification","valueRequired":true,"valueName":"search_term_string"}}],"inLanguage":"fr-FR"}]}},"_links":{"self":[{"href":"https:\/\/www.aecuspartners.com\/fr\/wp-json\/wp\/v2\/pages\/389","targetHints":{"allow":["GET"]}}],"collection":[{"href":"https:\/\/www.aecuspartners.com\/fr\/wp-json\/wp\/v2\/pages"}],"about":[{"href":"https:\/\/www.aecuspartners.com\/fr\/wp-json\/wp\/v2\/types\/page"}],"author":[{"embeddable":true,"href":"https:\/\/www.aecuspartners.com\/fr\/wp-json\/wp\/v2\/users\/1"}],"replies":[{"embeddable":true,"href":"https:\/\/www.aecuspartners.com\/fr\/wp-json\/wp\/v2\/comments?post=389"}],"version-history":[{"count":71,"href":"https:\/\/www.aecuspartners.com\/fr\/wp-json\/wp\/v2\/pages\/389\/revisions"}],"predecessor-version":[{"id":2116,"href":"https:\/\/www.aecuspartners.com\/fr\/wp-json\/wp\/v2\/pages\/389\/revisions\/2116"}],"wp:attachment":[{"href":"https:\/\/www.aecuspartners.com\/fr\/wp-json\/wp\/v2\/media?parent=389"}],"curies":[{"name":"wp","href":"https:\/\/api.w.org\/{rel}","templated":true}]}}