{"id":1890,"date":"2026-02-23T10:13:20","date_gmt":"2026-02-23T09:13:20","guid":{"rendered":"https:\/\/www.aecuspartners.com\/?page_id=1890"},"modified":"2026-03-10T14:57:03","modified_gmt":"2026-03-10T13:57:03","slug":"equipe","status":"publish","type":"page","link":"https:\/\/www.aecuspartners.com\/fr\/equipe\/","title":{"rendered":"\u00c9quipe"},"content":{"rendered":"","protected":false},"excerpt":{"rendered":"","protected":false},"author":1,"featured_media":344,"parent":0,"menu_order":4,"comment_status":"closed","ping_status":"closed","template":"page-team26.php","meta":{"_acf_changed":false,"_monsterinsights_skip_tracking":false,"_monsterinsights_sitenote_active":false,"_monsterinsights_sitenote_note":"","_monsterinsights_sitenote_category":0,"footnotes":""},"class_list":["post-1890","page","type-page","status-publish","has-post-thumbnail","hentry"],"acf":[],"yoast_head":"<!-- This site is optimized with the Yoast SEO plugin v23.9 - https:\/\/yoast.com\/wordpress\/plugins\/seo\/ -->\n<title>\u00c9quipe - Aecus Partners<\/title>\n<meta name=\"robots\" content=\"index, follow, max-snippet:-1, max-image-preview:large, max-video-preview:-1\" \/>\n<link rel=\"canonical\" href=\"https:\/\/www.aecuspartners.com\/fr\/equipe\/\" \/>\n<meta property=\"og:locale\" content=\"fr_FR\" \/>\n<meta property=\"og:type\" content=\"article\" \/>\n<meta property=\"og:title\" content=\"\u00c9quipe - Aecus Partners\" \/>\n<meta property=\"og:url\" content=\"https:\/\/www.aecuspartners.com\/fr\/equipe\/\" \/>\n<meta property=\"og:site_name\" content=\"Aecus Partners\" \/>\n<meta property=\"article:modified_time\" content=\"2026-03-10T13:57:03+00:00\" \/>\n<meta property=\"og:image\" content=\"https:\/\/www.aecuspartners.com\/wp-content\/uploads\/2024\/11\/aecus-0587-by-antoine-doyen.jpg\" \/>\n\t<meta property=\"og:image:width\" content=\"3238\" \/>\n\t<meta property=\"og:image:height\" content=\"2016\" \/>\n\t<meta property=\"og:image:type\" content=\"image\/jpeg\" \/>\n<meta name=\"twitter:card\" content=\"summary_large_image\" \/>\n<meta name=\"twitter:label1\" content=\"Dur\u00e9e de lecture estim\u00e9e\" \/>\n\t<meta name=\"twitter:data1\" content=\"9 minutes\" \/>\n<script type=\"application\/ld+json\" class=\"yoast-schema-graph\">{\"@context\":\"https:\/\/schema.org\",\"@graph\":[{\"@type\":\"WebPage\",\"@id\":\"https:\/\/www.aecuspartners.com\/fr\/equipe\/\",\"url\":\"https:\/\/www.aecuspartners.com\/fr\/equipe\/\",\"name\":\"\u00c9quipe - Aecus Partners\",\"isPartOf\":{\"@id\":\"https:\/\/www.aecuspartners.com\/fr\/dev\/#website\"},\"primaryImageOfPage\":{\"@id\":\"https:\/\/www.aecuspartners.com\/fr\/equipe\/#primaryimage\"},\"image\":{\"@id\":\"https:\/\/www.aecuspartners.com\/fr\/equipe\/#primaryimage\"},\"thumbnailUrl\":\"https:\/\/www.aecuspartners.com\/wp-content\/uploads\/2024\/11\/aecus-0587-by-antoine-doyen.jpg\",\"datePublished\":\"2026-02-23T09:13:20+00:00\",\"dateModified\":\"2026-03-10T13:57:03+00:00\",\"breadcrumb\":{\"@id\":\"https:\/\/www.aecuspartners.com\/fr\/equipe\/#breadcrumb\"},\"inLanguage\":\"fr-FR\",\"potentialAction\":[{\"@type\":\"ReadAction\",\"target\":[\"https:\/\/www.aecuspartners.com\/fr\/equipe\/\"]}]},{\"@type\":\"ImageObject\",\"inLanguage\":\"fr-FR\",\"@id\":\"https:\/\/www.aecuspartners.com\/fr\/equipe\/#primaryimage\",\"url\":\"https:\/\/www.aecuspartners.com\/wp-content\/uploads\/2024\/11\/aecus-0587-by-antoine-doyen.jpg\",\"contentUrl\":\"https:\/\/www.aecuspartners.com\/wp-content\/uploads\/2024\/11\/aecus-0587-by-antoine-doyen.jpg\",\"width\":3238,\"height\":2016},{\"@type\":\"BreadcrumbList\",\"@id\":\"https:\/\/www.aecuspartners.com\/fr\/equipe\/#breadcrumb\",\"itemListElement\":[{\"@type\":\"ListItem\",\"position\":1,\"name\":\"Accueil\",\"item\":\"https:\/\/www.aecuspartners.com\/fr\/\"},{\"@type\":\"ListItem\",\"position\":2,\"name\":\"\u00c9quipe\"}]},{\"@type\":\"WebSite\",\"@id\":\"https:\/\/www.aecuspartners.com\/fr\/dev\/#website\",\"url\":\"https:\/\/www.aecuspartners.com\/fr\/dev\/\",\"name\":\"Aecus Partners\",\"description\":\"Une nouvelle vision de l\u2019investissement fond\u00e9e sur l\u2019\u00e9quit\u00e9 et la r\u00e9silience\",\"potentialAction\":[{\"@type\":\"SearchAction\",\"target\":{\"@type\":\"EntryPoint\",\"urlTemplate\":\"https:\/\/www.aecuspartners.com\/fr\/dev\/?s={search_term_string}\"},\"query-input\":{\"@type\":\"PropertyValueSpecification\",\"valueRequired\":true,\"valueName\":\"search_term_string\"}}],\"inLanguage\":\"fr-FR\"}]}<\/script>\n<!-- \/ Yoast SEO plugin. -->","yoast_head_json":{"title":"\u00c9quipe - Aecus Partners","robots":{"index":"index","follow":"follow","max-snippet":"max-snippet:-1","max-image-preview":"max-image-preview:large","max-video-preview":"max-video-preview:-1"},"canonical":"https:\/\/www.aecuspartners.com\/fr\/equipe\/","og_locale":"fr_FR","og_type":"article","og_title":"\u00c9quipe - Aecus Partners","og_url":"https:\/\/www.aecuspartners.com\/fr\/equipe\/","og_site_name":"Aecus Partners","article_modified_time":"2026-03-10T13:57:03+00:00","og_image":[{"width":3238,"height":2016,"url":"https:\/\/www.aecuspartners.com\/wp-content\/uploads\/2024\/11\/aecus-0587-by-antoine-doyen.jpg","type":"image\/jpeg"}],"twitter_card":"summary_large_image","twitter_misc":{"Dur\u00e9e de lecture estim\u00e9e":"9 minutes"},"schema":{"@context":"https:\/\/schema.org","@graph":[{"@type":"WebPage","@id":"https:\/\/www.aecuspartners.com\/fr\/equipe\/","url":"https:\/\/www.aecuspartners.com\/fr\/equipe\/","name":"\u00c9quipe - Aecus Partners","isPartOf":{"@id":"https:\/\/www.aecuspartners.com\/fr\/dev\/#website"},"primaryImageOfPage":{"@id":"https:\/\/www.aecuspartners.com\/fr\/equipe\/#primaryimage"},"image":{"@id":"https:\/\/www.aecuspartners.com\/fr\/equipe\/#primaryimage"},"thumbnailUrl":"https:\/\/www.aecuspartners.com\/wp-content\/uploads\/2024\/11\/aecus-0587-by-antoine-doyen.jpg","datePublished":"2026-02-23T09:13:20+00:00","dateModified":"2026-03-10T13:57:03+00:00","breadcrumb":{"@id":"https:\/\/www.aecuspartners.com\/fr\/equipe\/#breadcrumb"},"inLanguage":"fr-FR","potentialAction":[{"@type":"ReadAction","target":["https:\/\/www.aecuspartners.com\/fr\/equipe\/"]}]},{"@type":"ImageObject","inLanguage":"fr-FR","@id":"https:\/\/www.aecuspartners.com\/fr\/equipe\/#primaryimage","url":"https:\/\/www.aecuspartners.com\/wp-content\/uploads\/2024\/11\/aecus-0587-by-antoine-doyen.jpg","contentUrl":"https:\/\/www.aecuspartners.com\/wp-content\/uploads\/2024\/11\/aecus-0587-by-antoine-doyen.jpg","width":3238,"height":2016},{"@type":"BreadcrumbList","@id":"https:\/\/www.aecuspartners.com\/fr\/equipe\/#breadcrumb","itemListElement":[{"@type":"ListItem","position":1,"name":"Accueil","item":"https:\/\/www.aecuspartners.com\/fr\/"},{"@type":"ListItem","position":2,"name":"\u00c9quipe"}]},{"@type":"WebSite","@id":"https:\/\/www.aecuspartners.com\/fr\/dev\/#website","url":"https:\/\/www.aecuspartners.com\/fr\/dev\/","name":"Aecus Partners","description":"Une nouvelle vision de l\u2019investissement fond\u00e9e sur l\u2019\u00e9quit\u00e9 et la r\u00e9silience","potentialAction":[{"@type":"SearchAction","target":{"@type":"EntryPoint","urlTemplate":"https:\/\/www.aecuspartners.com\/fr\/dev\/?s={search_term_string}"},"query-input":{"@type":"PropertyValueSpecification","valueRequired":true,"valueName":"search_term_string"}}],"inLanguage":"fr-FR"}]}},"_links":{"self":[{"href":"https:\/\/www.aecuspartners.com\/fr\/wp-json\/wp\/v2\/pages\/1890","targetHints":{"allow":["GET"]}}],"collection":[{"href":"https:\/\/www.aecuspartners.com\/fr\/wp-json\/wp\/v2\/pages"}],"about":[{"href":"https:\/\/www.aecuspartners.com\/fr\/wp-json\/wp\/v2\/types\/page"}],"author":[{"embeddable":true,"href":"https:\/\/www.aecuspartners.com\/fr\/wp-json\/wp\/v2\/users\/1"}],"replies":[{"embeddable":true,"href":"https:\/\/www.aecuspartners.com\/fr\/wp-json\/wp\/v2\/comments?post=1890"}],"version-history":[{"count":16,"href":"https:\/\/www.aecuspartners.com\/fr\/wp-json\/wp\/v2\/pages\/1890\/revisions"}],"predecessor-version":[{"id":2109,"href":"https:\/\/www.aecuspartners.com\/fr\/wp-json\/wp\/v2\/pages\/1890\/revisions\/2109"}],"wp:featuredmedia":[{"embeddable":true,"href":"https:\/\/www.aecuspartners.com\/fr\/wp-json\/wp\/v2\/media\/344"}],"wp:attachment":[{"href":"https:\/\/www.aecuspartners.com\/fr\/wp-json\/wp\/v2\/media?parent=1890"}],"curies":[{"name":"wp","href":"https:\/\/api.w.org\/{rel}","templated":true}]}}